{"id":43,"date":"2017-01-04T06:08:11","date_gmt":"2017-01-04T06:08:11","guid":{"rendered":"http:\/\/localhost\/malile\/?page_id=43"},"modified":"2025-05-14T07:53:09","modified_gmt":"2025-05-14T07:53:09","slug":"documents","status":"publish","type":"page","link":"https:\/\/www.ambamali-jp.org\/eng\/visa\/documents\/","title":{"rendered":"To Obtain Administrative And Consular Documents"},"content":{"rendered":"<p><img loading=\"lazy\" class=\"alignnone wp-image-498 size-full\" title=\"obtain administrative documents\" src=\"http:\/\/www.ambamali-jp.org\/eng\/wp-content\/uploads\/2017\/01\/14.png\" alt=\"obtain administrative documents\" width=\"600\" height=\"180\" srcset=\"https:\/\/www.ambamali-jp.org\/eng\/wp-content\/uploads\/2017\/01\/14.png 600w, https:\/\/www.ambamali-jp.org\/eng\/wp-content\/uploads\/2017\/01\/14-300x90.png 300w\" sizes=\"(max-width: 600px) 100vw, 600px\" \/><\/p>\n<ul style=\"padding: 0;\">\n<li><span style=\"text-decoration: underline;\"><strong>INFORMATIONS G\u00c9N\u00c9RALES<\/strong><\/span>:<\/li>\n<\/ul>\n<p>\u00a0<\/p>\n<p>-Les ressortissants maliens r\u00e9sidant au Japon, en Australie, en Nouvelle Z\u00e9lande, en Cor\u00e9e du Sud et aux Philippines doivent adresser leurs demandes de documents administratifs et consulaires \u00e0 l\u2019Ambassade de la R\u00e9publique du Mali au Japon.<br \/>-La pr\u00e9sence physique \u00e0 l\u2019Ambassade est requise.<br \/>-L\u2019Ambassade peut accepter, l\u2019envoi par voie postale, des demandes de documents administratifs et consulaires pour les ressortissants maliens r\u00e9sidant dans les cinq pays de la Juridiction de l\u2019Ambassade du Mali au Japon.<br \/>Dans ce cas pr\u00e9cis, il est recommand\u00e9 de joindre \u00e0 leur demande une enveloppe affranchie pour le renvoi de leur dossier.<br \/>-Pour l\u2019envoi par la Poste, l\u2019Ambassade d\u00e9cline toute responsabilit\u00e9, en cas de perte des documents.<br \/>-Toute perte ou vol de documents administratifs et consulaires doit \u00eatre d\u00e9clar\u00e9e dans les 15 jours qui suivent, aux autorit\u00e9s de l\u2019endroit o\u00f9 a eu lieu la perte ou le vol.<\/p>\n<p><u><strong>CONDITIONS REQUISES ET DOCUMENTS \u00c0 FOURNIR <\/strong>:<\/u><br \/>Les conditions requises et pi\u00e8ces \u00e0 fournir pour l\u2019obtention des documents administratifs et consulaires, ci-dessous, sont les suivantes :<br \/><strong>1.<u> CARTE D\u2019IDENTIT\u00c9 CONSULAIRE\/DUPLICATA DE CARTE D\u2019IDENTIT\u00c9 CONSULAIRE<\/u>\u00a0<\/strong>:<\/p>\n<ul style=\"padding: 0;\">\n<li><u><strong>Informations g\u00e9n\u00e9rales<\/strong><\/u>:<\/li>\n<\/ul>\n<p>-La Carte d\u2019identit\u00e9 consulaire est d\u00e9livr\u00e9e aux ressortissants maliens \u00e0 l\u2019ext\u00e9rieur par les Chefs de Missions Diplomatiques et Consulaires du Mali \u00e0 l\u2019\u00e9tranger.<br \/>-La validit\u00e9 de la carte d\u2019identit\u00e9 consulaire est de 3 ans.<br \/>-Tout citoyen malien de l\u2019un ou l\u2019autre sexe, \u00e2g\u00e9 de 15 ans au moins doit se faire d\u00e9livrer une carte nationale d\u2019identit\u00e9 ou une carte consulaire en cours de validit\u00e9.<br \/>-Toute perte ou vol d\u2019une carte d\u2019identit\u00e9 consulaire doit \u00eatre d\u00e9clar\u00e9 dans les 15 jours qui suivent, aux autorit\u00e9s de l\u2019endroit o\u00f9 a eu lieu la perte ou le vol.<br \/>-Un duplicata de la carte d\u2019identit\u00e9 consulaire peut \u00eatre d\u00e9livr\u00e9 dans ces cas et \u00e9galement en cas de d\u00e9t\u00e9rioration rendant la carte illisible.<\/p>\n<ul style=\"padding: 0;\">\n<li><u><strong>Documents \u00e0 fournir\u00a0<\/strong><\/u>:<\/li>\n<\/ul>\n<p>-Copie d\u2019extrait d\u2019acte de naissance (les photocopies et les copies scann\u00e9es ne sont pas accept\u00e9es)<br \/>-Photocopie du passeport en cours de validit\u00e9<br \/>-Formulaire d\u00fbment rempli et sign\u00e9<br \/>-Ancienne carte consulaire ou photocopie de celle-ci dans le cas d\u2019un renouvellement<br \/>-Certificat de d\u00e9claration de perte ou de vol \u00e9tabli par l\u2019autorit\u00e9 comp\u00e9tente de l\u2019endroit o\u00f9 a eu lieu la perte ou le vol dans le cas d\u2019une demande de Duplicata<br \/>-Pr\u00e9sentation de la carte d\u00e9t\u00e9rior\u00e9e ou photocopie de celle-ci dans le cas d\u2019une demande de Duplicata pour d\u00e9t\u00e9rioration.<br \/>-2 photos d\u2019identit\u00e9<\/p>\n<ul style=\"padding: 0;\">\n<li><strong>Frais\u00a0<\/strong>: <span style=\"color: #0000ff;\"><strong>1 500 Yens dans tous les cas<\/strong><\/span><\/li>\n<\/ul>\n<p><strong>2.<u> CARTE NINA (Num\u00e9ro d\u2019Identification Nationale)<\/u>:<\/strong><\/p>\n<ul style=\"padding: 0;\">\n<li><span style=\"text-decoration: underline;\"><strong>Informations g\u00e9n\u00e9rales<\/strong><\/span>\u00a0:<\/li>\n<\/ul>\n<p>-La Carte NINA est d\u00e9livr\u00e9e aux Ressortissants Maliens \u00e0 l\u2019ext\u00e9rieur par les Chefs de Missions Diplomatiques et Consulaires du Mali \u00e0 l\u2019\u00e9tranger.<br \/>-Tout citoyen malien vivant au Japon, en Australie, en Nouvelle Z\u00e9lande, en Cor\u00e9e du Sud et aux Philippines doit se faire d\u00e9livrer une carte NINA par l\u2019Ambassade de la R\u00e9publique du Mali au Japon.<br \/>-Le demandeur doit se pr\u00e9senter en personne \u00e0 l\u2019Ambassade pour l\u2019enr\u00f4lement au RAVEC afin d\u2019obtenir la carte NINA.<br \/>-Toute perte ou vol d\u2019une carte NINA doit \u00eatre d\u00e9clar\u00e9 dans les 15 jours qui suivent, aux autorit\u00e9s de l\u2019endroit o\u00f9 a eu lieu la perte ou le vol.<br \/>-Un duplicata de la carte NINA peut \u00eatre demand\u00e9 en cas de perte ou de vol.<br \/>-La carte NINA est homologu\u00e9e \u00e0 la carte d\u2019identit\u00e9 nationale et \u00e0 la carte consulaire.<\/p>\n<ul style=\"padding: 0;\">\n<li><span style=\"text-decoration: underline;\"><strong>Documents \u00e0 fournir<\/strong><\/span>\u00a0:<\/li>\n<\/ul>\n<p>Copie d\u2019extrait d\u2019acte de naissance (les photocopies et les copies scann\u00e9es ne sont pas accept\u00e9es).<br \/>Certificat de d\u00e9claration de perte ou de vol \u00e9tabli par l\u2019autorit\u00e9 comp\u00e9tente de l\u2019endroit o\u00f9 a eu lieu la perte ou le vol dans le cas d\u2019une demande de Duplicata.<\/p>\n<p><strong><span style=\"color: #336699;\"><span style=\"color: #000000;\">NOTA BENE<\/span>\u00a0<span style=\"color: #000000;\">:<\/span> <span style=\"color: #0000ff;\">La carte NINA est d\u00e9livr\u00e9e gratuitement<\/span><\/span><span style=\"color: #0000ff;\">.<\/span><\/strong><\/p>\n<p><strong>3.<span style=\"text-decoration: underline;\"> DEMANDE DE PASSEPORT\u00a0BIOM\u00c9TRIQUE<\/span>\u00a0:<\/strong><\/p>\n<ul style=\"padding: 0;\">\n<li><u><strong>Informations g\u00e9n\u00e9rales\u00a0<\/strong><\/u>:<\/li>\n<\/ul>\n<p>-Le nouveau passeport biom\u00e9trique malien est d\u00e9livr\u00e9 aux Ressortissants Maliens \u00e0 l\u2019ext\u00e9rieur par les Chefs de Missions Diplomatiques et Consulaires du Mali \u00e0 l\u2019\u00e9tranger.<br \/>-Tout citoyen malien vivant au Japon, en Australie, en Nouvelle Z\u00e9lande, en Cor\u00e9e du Sud et aux Philippines doit adresser sa demande de passeport \u00e0 l\u2019Ambassade de la R\u00e9publique du Mali au Japon.<br \/>-Le demandeur doit se pr\u00e9senter physiquement \u00e0 l\u2019Ambassade pour la prise des empreintes digitales (<strong><span style=\"color: #0000ff;\">dix doigts<\/span><\/strong>) avec encre.<br \/>-Il est autoris\u00e9 au demandeur de passeport vivant dans les pays o\u00f9 il existe une possibilit\u00e9 d\u2019effectuer le pr\u00e9l\u00e8vement de ses empreintes digitales aupr\u00e8s de soci\u00e9t\u00e9s agr\u00e9\u00e9es sur l\u2019original du formulaire de demande rev\u00eatu du cachet et de la signature de la soci\u00e9t\u00e9.<br \/>-L\u2019envoi par voie postale de l\u2019original du formulaire, par l\u2019Ambassade au demandeur est \u00e0 la charge du demandeur (puisque normalement il doit se pr\u00e9senter en personne \u00e0\u00a0l\u2019Ambassade).<br \/>-Le pr\u00e9l\u00e8vement des empreintes digitales par une soci\u00e9t\u00e9 agr\u00e9\u00e9e avec le cachet de la soci\u00e9t\u00e9 est \u00e0 la charge du demandeur.<br \/>-Le demandeur de passeport biom\u00e9trique enr\u00f4l\u00e9 dans le RAVEC, n\u2019ayant pas encore re\u00e7u sa carte NINA, doit chercher son \u00ab <strong>Certificat d\u2019Enr\u00f4lement du RAVEC<\/strong> \u00bb ou \u00ab <strong>Fiche Individuelle<\/strong> \u00bb aupr\u00e8s du Centre de Traitement des Donn\u00e9es de l\u2019Etat Civil (CTDEC), \u00e0 Bamako, avant la soumission de sa demande.<br \/>-Pour l\u2019obtention du \u00ab <strong>Certificat d\u2019Enr\u00f4lement du RAVEC<\/strong> \u00bb ou \u00ab <strong>Fiche Individuelle<\/strong> \u00bb, le demandeur doit pr\u00e9senter le \u00ab <strong>Re\u00e7u d\u2019Enr\u00f4lement du RAVEC<\/strong> \u00bb.<br \/>-L\u2019Ambassade peut faire la demande du \u00ab <strong>Certificat d\u2019Enr\u00f4lement du RAVEC<\/strong> \u00bb ou \u00ab <strong>Fiche Individuelle<\/strong> \u00bb \u00e0 la place du demandeur s\u2019il le souhaite.<br \/>-Toute perte ou vol d\u2019un passeport doit \u00eatre d\u00e9clar\u00e9 dans les 15 jours qui suivent, aux autorit\u00e9s de l\u2019endroit o\u00f9 a eu lieu la perte ou le vol.<\/p>\n<ul style=\"padding: 0;\">\n<li><u><strong>Documents \u00e0 fournir\u00a0<\/strong><\/u>:<\/li>\n<\/ul>\n<p>-Trois Photographies r\u00e9centes en couleur, de face et sur fond blanc.<br \/>-Un (<strong>1<\/strong>) bon pour passeport malien appel\u00e9 eVoucher (re\u00e7u de paiement).<br \/>-Le num\u00e9ro NINA justifi\u00e9 par la copie de la carte NINA ou la fiche individuelle\/certificat d\u2019enr\u00f4lement du RAVEC<br \/>-Une (<strong>1<\/strong>) copie d\u2019extrait d\u2019acte de naissance (les photocopies et les copies scann\u00e9es ne sont pas accept\u00e9es)<br \/>-Une (<strong>1<\/strong>) photocopie de la carte d\u2019identit\u00e9<br \/>-Une (<strong>1<\/strong>) photocopie de l\u2019ancien passeport<br \/>-Le justificatif de la profession<br \/>-L\u2019autorisation parentale pour les mineurs<br \/>-Formulaire d\u00fbment rempli et sign\u00e9 \u00e0 l\u2019Ambassade avec prises d\u2019empreintes digitales des dix doigts \u00e0 l\u2019encre<br \/>-Certificat de d\u00e9claration de perte ou de vol \u00e9tablie par l\u2019autorit\u00e9 comp\u00e9tente de l\u2019endroit o\u00f9 a eu lieu la perte ou le vol en cas de renouvellement pour perte ou pour vol.<\/p>\n<ul style=\"padding: 0;\">\n<li><u><strong>Frais de passeport<\/strong><u>\u00a0:<\/u><\/u><\/li>\n<\/ul>\n<p>Le demandeur effectue le paiement de <span style=\"color: #0000ff;\"><strong>55\u00a0000 F CFA<\/strong><\/span> repr\u00e9sentant les frais de passeport \u00e0 l\u2019adresse suivante: <a href=\"http:\/\/paiementpasseport-mali.com\/\"><span style=\"color: #336699;\">http:\/\/paiementpasseport-mali.com\/<\/span><\/a><\/p>\n<p><span style=\"color: #0000ff;\"><strong>VEUILLEZ CONSULTER L\u2019AMBASSADE EN CAS DE DIFFICULT\u00c9S.<\/strong><\/span><\/p>\n<ul style=\"padding: 0;\">\n<li><u><strong>D\u00c9LAI DE D\u00c9LIVRANCE DES PASSEPORTS<\/strong><\/u>\u00a0:<\/li>\n<\/ul>\n<p><strong><span style=\"color: #0000ff;\">Les demandes de passeport faites aupr\u00e8s de l\u2019Ambassade du Mali \u00e0 Tokyo sont transmises au Minist\u00e8re des Affaires \u00c9trang\u00e8res du Mali, qui \u00e0 son tour les transmet aux autorit\u00e9s techniques comp\u00e9tentes. Les passeports, une fois \u00e9tablis, sont envoy\u00e9s au Minist\u00e8re des Affaires \u00c9trang\u00e8res pour transmission \u00e0 l\u2019Ambassade. Le d\u00e9lai de d\u00e9livrance des passeports est ind\u00e9termin\u00e9.<\/span><\/strong><\/p>\n<p><strong>4. <span style=\"text-decoration: underline;\">CERTIFICAT DE NATIONALIT\u00c9<\/span><\/strong>\u00a0:<\/p>\n<p><u><strong>Documents \u00e0 fournir<\/strong><\/u>\u00a0:<\/p>\n<p>-Demande \u00e9crite de certificat de nationalit\u00e9<br \/>-Copie d\u2019extrait d\u2019acte de naissance (les photocopies et les copies scann\u00e9es ne sont pas accept\u00e9es)<br \/>-Photocopie de la carte d\u2019identit\u00e9 consulaire en cours de validit\u00e9 ou de la carte NINA<br \/>-Photocopie du passeport en cours de validit\u00e9<\/p>\n<ul style=\"padding: 0;\">\n<li><strong>Frais<\/strong>\u00a0: <strong><span style=\"color: #0000ff;\">1 500 Yens<\/span><\/strong><\/li>\n<\/ul>\n<p><strong>5. CERTIFICAT D\u2019ENREGISTREMENT D\u2019ACTE DE MARIAGE<\/strong>\u00a0:<\/p>\n<ul style=\"padding: 0;\">\n<li><u><strong>Documents \u00e0 fournir<\/strong><\/u>\u00a0:<\/li>\n<\/ul>\n<p>-Formulaire de demande de certificat d\u00fbment rempli et sign\u00e9<br \/>-Original de l\u2019acte de mariage d\u00e9livr\u00e9 par le Pays h\u00f4te<br \/>-Copie d\u2019extrait d\u2019acte de naissance des deux conjoints (les photocopies et les copies scann\u00e9es ne sont pas accept\u00e9es)<br \/>-Photocopie de la carte d\u2019identit\u00e9 consulaire ou de la carte NINA<br \/>-Photocopie des passeports en cours de validit\u00e9 des deux conjoints<br \/>-Photocopie de la carte d\u2018identit\u00e9 des t\u00e9moins<br \/>-Photocopie de la carte d\u2019identit\u00e9 consulaire ou de la carte NINA des t\u00e9moins<\/p>\n<ul style=\"padding: 0;\">\n<li><strong>Frais<\/strong> : <strong><span style=\"color: #0000ff;\">1 500 Yens<\/span><\/strong><\/li>\n<\/ul>\n<p><strong>6. <span style=\"text-decoration: underline;\">ACTE DE MARIAGE<\/span>\u00a0<\/strong>:<\/p>\n<p>-Les actes de mariages sont d\u00e9livr\u00e9s dans le cas de mariages c\u00e9l\u00e9br\u00e9s \u00e0 l\u2019Ambassade.<br \/>-Les deux futurs conjoints doivent se pr\u00e9senter en personne \u00e0 l\u2019Ambassade au moins 15 jours avant la date de c\u00e9l\u00e9bration du mariage, pour faire une d\u00e9claration de mariage.<br \/>-Pour la c\u00e9l\u00e9bration du mariage, les deux futurs \u00e9poux doivent se pr\u00e9senter en personne \u00e0 l&#8217;Ambassade, accompagn\u00e9 chacun de son t\u00e9moin.<\/p>\n<ul style=\"padding: 0;\">\n<li><u><strong>Documents \u00e0 fournir\u00a0<\/strong><\/u>:<\/li>\n<\/ul>\n<p>-Copie d\u2019extrait d\u2019acte de naissance des futurs \u00e9poux (les photocopies et les copies scann\u00e9es ne sont pas accept\u00e9es)<br \/>-Photocopie de la carte d\u2019identit\u00e9 consulaire ou de la carte NINA des futurs \u00e9poux<br \/>-Photocopie du passeport en cours de validit\u00e9 des futurs \u00e9poux<br \/>-Certificat de c\u00e9libat ou attestation sur l\u2019honneur des futurs \u00e9poux<br \/>-Photocopie de la carte d&#8217;identit\u00e9 des t\u00e9moins<br \/>-Photocopie de la carte d\u2019identit\u00e9 consulaire ou de la carte NINA des t\u00e9moins maliens.<\/p>\n<ul style=\"padding: 0;\">\n<li><strong>Frais<\/strong> : <strong><span style=\"color: #0000ff;\">1 500 Yens<\/span><\/strong><\/li>\n<\/ul>\n<p>7<strong>.<u> COPIE D\u2019EXTRAIT D\u2019ACTE DE MARIAGE<\/u><\/strong>\u00a0:<\/p>\n<ul style=\"padding: 0;\">\n<li><u><strong>Document \u00e0 fournir\u00a0:<\/strong><\/u><\/li>\n<\/ul>\n<p>-Original de l\u2019acte de mariage<br \/>-Photocopie du passeport en cours de validit\u00e9<br \/>-Photocopie de la carte d\u2019identit\u00e9 consulaire ou de la carte NINA<\/p>\n<ul style=\"padding: 0;\">\n<li><strong>Frais<\/strong> :<strong><span style=\"color: #0000ff;\"> 1 500 Yens<\/span><\/strong><\/li>\n<\/ul>\n<p>8.<strong><u> LIVRET DE FAMILLE OU DUPLICATA<\/u>\u00a0<\/strong>:<\/p>\n<ul style=\"padding: 0;\">\n<li><u><strong>Documents \u00e0 fournir<\/strong><\/u>\u00a0:<\/li>\n<\/ul>\n<p>-Original de l\u2019acte de mariage<br \/>-Photocopie de l\u2019acte de mariage<br \/>-Copie d\u2019extrait d\u2019acte de naissance des enfants (les photocopies et les copies scann\u00e9es ne sont pas accept\u00e9es)<br \/>-Photocopie de la carte d\u2019identit\u00e9 consulaire ou de la carte NINA<\/p>\n<ul style=\"padding: 0;\">\n<li><strong>Frais<\/strong> : <strong><span style=\"color: #0000ff;\">1 500 Yens<\/span><\/strong><\/li>\n<\/ul>\n<p><strong>9. <u>COPIE D\u2019EXTRAIT D\u2019ACTE DE NAISSANCE<\/u>\u00a0<\/strong>:<\/p>\n<ul style=\"padding: 0;\">\n<li><strong><u>Document \u00e0 fournir\u00a0:<\/u><\/strong><\/li>\n<\/ul>\n<p>-Original de l\u2019acte de naissance malien (les photocopies et les copies scann\u00e9es ne sont pas accept\u00e9es)<br \/>-Photocopie de la carte d\u2019identit\u00e9 consulaire ou de la carte NINA<\/p>\n<ul style=\"padding: 0;\">\n<li><strong>Frais<\/strong> : <strong><span style=\"color: #0000ff;\">1 500 Yens<\/span><\/strong><\/li>\n<\/ul>\n<p><strong>10. <u>TRANSCRIPTION DE L\u2019ACTE DE NAISSANCE <\/u><\/strong>\u00a0:<\/p>\n<ul style=\"padding: 0;\">\n<li><u><strong>Documents \u00e0 fournir<\/strong><\/u>\u00a0:<\/li>\n<\/ul>\n<p>-Original de l\u2019acte de naissance d\u00e9livr\u00e9 par l\u2019un des pays de la Juridiction de l\u2019Ambassade du Mali au Japon<br \/>-Copie d\u2019extrait d\u2019acte de naissance des parents (les photocopies et les copies scann\u00e9es ne sont pas accept\u00e9es)<br \/>-Photocopie du passeport en cours de validit\u00e9 de chacun des deux parents<br \/>-Photocopie de la carte d\u2019identit\u00e9 consulaire ou de la carte NINA des parents<\/p>\n<ul style=\"padding: 0;\">\n<li><strong>Frais<\/strong> : <strong><span style=\"color: #0000ff;\">1 500 Yens<\/span><\/strong><\/li>\n<\/ul>\n<p><strong>11.<u> L\u00c9GALISATION D\u2019UN DOCUMENT ADMINISTRATIF OU \u00c9TABLISSEMENT DE COPIES CONFORMES\u00a0<\/u><\/strong>:<\/p>\n<ul style=\"padding: 0;\">\n<li><u><strong>Documents \u00e0 fournir\u00a0:<\/strong><\/u><\/li>\n<\/ul>\n<p>-Original du document \u00e0 certifier ou \u00e0 l\u00e9galiser<br \/>-Photocopie du document \u00e0 certifier ou \u00e0 l\u00e9galiser<br \/>-Photocopie du passeport en cours de validit\u00e9<br \/>-Photocopie de la carte d\u2019identit\u00e9 consulaire ou de la carte NINA<\/p>\n<ul style=\"padding: 0;\">\n<li><strong>Frais<\/strong> : <strong><span style=\"color: #0000ff;\">1 500 Yens<\/span><\/strong><\/li>\n<\/ul>\n<p><strong>12. <u>LAISSEZ-PASSER<\/u><\/strong>\u00a0:<\/p>\n<ul style=\"padding: 0;\">\n<li>Le Laissez-passer est un titre de voyage exceptionnel d\u00e9livr\u00e9 dans des conditions d\u2019extr\u00eame urgence et n\u2019est valable que pour un aller simple.<\/li>\n<\/ul>\n<ul style=\"padding: 0;\">\n<li>L\u2019int\u00e9ress\u00e9(e) doit avoir la preuve de sa demande de passeport (<strong><span style=\"color: #0000ff;\">pr\u00e9sentation du re\u00e7u de paiement<\/span><\/strong>)<\/li>\n<\/ul>\n<ul style=\"padding: 0;\">\n<li>La demande de laissez-passer n\u2019est pas syst\u00e9matiquement accept\u00e9e par l\u2019Ambassade.<\/li>\n<\/ul>\n<ul style=\"padding: 0;\">\n<li><u><strong>Documents \u00e0 fournir<\/strong><\/u>\u00a0:<\/li>\n<\/ul>\n<p>-Demande \u00e9crite et sign\u00e9e adress\u00e9e \u00e0 l&#8217;Ambassadeur par l&#8217;int\u00e9ress\u00e9(e)<br \/>-Prises des empreintes digitales des dix doigts \u00e0 l\u2019encre<br \/>-Pr\u00e9sentation de l\u2019ancien passeport ou photocopie de l\u2019ancien passeport<br \/>-Copie d&#8217;extrait d&#8217;acte de naissance (les photocopies et les copies scann\u00e9es ne sont pas accept\u00e9es)<br \/>-Acte de naissance transcrit pour les enfants n\u00e9s dans l\u2019un des pays de la Juridiction de l\u2019Ambassade<br \/>-Autorisation parentale pour les mineurs voyageant seuls<br \/>-Photocopie de la carte d\u2019identit\u00e9 consulaire ou de la carte NINA ou de la fiche descriptive individuelle<br \/>-2 Photos d\u2019identit\u00e9 r\u00e9centes en couleur de format 45 X 35 mm, prises de face et sur fond blanc.<\/p>\n<p><strong>13. <u>MANDAT OU PROCURATION<\/u><\/strong>\u00a0:<\/p>\n<ul style=\"padding: 0;\">\n<li><strong><u>Document \u00e0 fournir<\/u>\u00a0:<\/strong><\/li>\n<\/ul>\n<p>-Formulaire d\u00fbment rempli et sign\u00e9<br \/>-Photocopie du passeport en cours de validit\u00e9<br \/>-Photocopie de la carte d\u2019identit\u00e9 consulaire ou de la carte NINA<\/p>\n<ul style=\"padding: 0;\">\n<li><strong>Frais<\/strong> : <strong><span style=\"color: #0000ff;\">1 500 Yens<\/span><\/strong><\/li>\n<\/ul>\n<p><strong>14.<u> AUTORISATION PARENTALE<\/u><\/strong>\u00a0:<\/p>\n<ul style=\"padding: 0;\">\n<li><u><strong>Document \u00e0 fournir\u00a0:<\/strong><\/u><\/li>\n<\/ul>\n<p>-Formulaire d\u00fbment rempli et sign\u00e9 par les deux parents conjointement ou s\u00e9par\u00e9ment<\/p>\n<ul style=\"padding: 0;\">\n<li><strong>Frais<\/strong> : <strong><span style=\"color: #0000ff;\">1 500 Yens<\/span><\/strong><\/li>\n<\/ul>\n<p><strong>15.<u><strong> TRANSCRIPTION DE CERTIFICAT DE D\u00c9C\u00c8S<\/strong><\/u><\/strong> :<\/p>\n<ul style=\"padding: 0;\">\n<li><strong><span style=\"text-decoration: underline;\">Document \u00e0 fournir<\/span>\u00a0<\/strong>: Original de l\u2019acte de d\u00e9c\u00e8s d\u00e9livr\u00e9 par le pays h\u00f4te<br \/>Frais\u00a0:<strong><span style=\"color: #0000ff;\"> 1 500 Yens<\/span><\/strong><\/li>\n<\/ul>\n<p><strong><u>TRANSFERT DES FRAIS POUR L\u2019OBTENTION DE DOCUMENTS ADMINISTRATIFS\u00a0:<\/u><\/strong><\/p>\n<p>Hormis le passeport, le paiement des frais administratifs pour l\u2019obtention de documents administratifs peut toujours se faire par virement sur le compte bancaire de l\u2019Ambassade soit par envoi postal soit par cash \u00e0 l\u2019Ambassade.<\/p>\n<p>Veuillez noter que pour chaque transfert effectu\u00e9 en dehors de Tokyo, l\u2019int\u00e9ress\u00e9 doit ajouter <strong><u>4 000 yens <\/u><\/strong>au montant total des frais de documents administratifs. Ce montant repr\u00e9sente la commission de la Banque UFJ Mitsubishi de Tokyo.<\/p>\n<p><strong><u>Montant total des frais de documents administratifs = <\/u><\/strong><\/p>\n<p><strong>Montant des documents + 4 000 yens (Commission de la Banque UFJ Mitsubishi de Tokyo) + frais de renvoi des documents si aucune enveloppe retour n\u2019a \u00e9t\u00e9 fournie par l\u2019int\u00e9ress\u00e9 soit : 3 201 yens pour les ressortissants maliens r\u00e9sidant en Australie et en Nouvelle-Z\u00e9lande <u>ou<\/u> 1 501 yens pour les ressortissants maliens r\u00e9sidant en Cor\u00e9e du Sud <u>ou<\/u> 1\u00a0951 yens pour les ressortissants maliens r\u00e9sidant aux Philippines.<\/strong><\/p>\n<p><strong><u>R\u00c9F\u00c9RENCES BANCAIRES DE L&#8217;AMBASSADE POUR LE TRANSFERT DES FRAIS DE DOCUMENTS ADMINISTRATIFS<\/u><\/strong><strong>:<\/strong><\/p>\n<p><strong>Nom du compte <\/strong>: Embassy of Mali<\/p>\n<p><strong>Banque <\/strong>: Bank of Mitsubishi UFJ<\/p>\n<p><strong>Branche <\/strong>: Toritsu Daigaku Ekimae Branch<\/p>\n<p><strong>Adresse <\/strong>: 1-30-8 Kakinokizaka, Meguro-ku, Tokyo 152-0022, Japan<\/p>\n<p><strong>Num\u00e9ro de branche <\/strong>: 111<\/p>\n<p><strong>Num\u00e9ro de compte bancaire\u00a0<\/strong>: 111\u00a0090 7006<\/p>\n<p><strong>Code Swift\u00a0<\/strong>: BOTKJPJT<\/p>\n<p><strong>REMARQUES\u00a0<\/strong>:<\/p>\n<p>&#8211;<strong>L\u2019Ambassade n\u2019est pas en mesure de faire la traduction de documents administratifs et consulaires maliens en japonais ni en anglais.<\/strong><\/p>\n<p>&#8211;<strong>L\u2019Ambassade, dans le souci de mieux r\u00e9pondre aux pr\u00e9occupations de ses compatriotes, lance un appel au sens civique de tous les maliens vivant au Japon, en Australie, en Nouvelle Z\u00e9lande, en Cor\u00e9e du Sud et aux Philippines afin de se conformer \u00e0 la r\u00e9glementation en vigueur en mati\u00e8re de d\u00e9livrance des documents administratifs et consulaires maliens.<\/strong><\/p>\n<p><span style=\"color: #0000ff;\"><strong>POUR DE PLUS AMPLES INFORMATIONS, N\u2019H\u00c9SITEZ PAS \u00c0 NOUS ENVOYER UN E-MAIL OU \u00c0 T\u00c9L\u00c9PHONER \u00c0 L\u2019AMBASSADE OU \u00c0 NOUS RENDRE VISITE \u00c0 LA CHANCELLERIE DE L\u2019AMBASSADE DU MALI \u00c0 TOKYO.<\/strong><\/span><\/p>\n<p><span style=\"border-radius: 2px; text-indent: 20px; width: auto; padding: 0px 4px 0px 0px; text-align: center; font: bold 11px\/20px 'Helvetica Neue',Helvetica,sans-serif; color: #ffffff; background: #bd081c no-repeat scroll 3px 50% \/ 14px 14px; position: absolute; opacity: 1; z-index: 8675309; display: none; cursor: pointer;\">Enregistrer<\/span><\/p>\n<p><span style=\"border-radius: 2px; text-indent: 20px; width: auto; padding: 0px 4px 0px 0px; text-align: center; font: bold 11px\/20px 'Helvetica Neue',Helvetica,sans-serif; color: #ffffff; background: #bd081c no-repeat scroll 3px 50% \/ 14px 14px; position: absolute; opacity: 1; z-index: 8675309; display: none; cursor: pointer;\">Enregistrer<\/span><\/p>\n\n\n<div class=\"wp-block-file\"><object class=\"wp-block-file__embed\" data=\"https:\/\/www.ambamali-jp.org\/eng\/wp-content\/uploads\/2025\/05\/Communique-005.AMJT_.2025-French-English-Japanese-2.pdf\" type=\"application\/pdf\" style=\"width:100%;height:600px\" aria-label=\"Embed of Communique-005.AMJT_.2025-French-English-Japanese-2.\"><\/object><a href=\"https:\/\/www.ambamali-jp.org\/eng\/wp-content\/uploads\/2025\/05\/Communique-005.AMJT_.2025-French-English-Japanese-2.pdf\">Communique-005.AMJT_.2025-French-English-Japanese-2<\/a><a href=\"https:\/\/www.ambamali-jp.org\/eng\/wp-content\/uploads\/2025\/05\/Communique-005.AMJT_.2025-French-English-Japanese-2.pdf\" class=\"wp-block-file__button\" download>Download<\/a><\/div>\n","protected":false},"excerpt":{"rendered":"<p>INFORMATIONS G\u00c9N\u00c9RALES: \u00a0 -Les ressortissants maliens r\u00e9sidant au Japon, en Australie, en Nouvelle Z\u00e9lande, en Cor\u00e9e du Sud et aux Philippines doivent adresser leurs demandes de documents administratifs et consulaires \u00e0 l\u2019Ambassade de la R\u00e9publique du Mali au Japon.-La pr\u00e9sence physique \u00e0 l\u2019Ambassade est requise.-L\u2019Ambassade peut accepter, l\u2019envoi par voie [&hellip;]<\/p>\n","protected":false},"author":1,"featured_media":0,"parent":33,"menu_order":0,"comment_status":"closed","ping_status":"closed","template":"","meta":[],"_links":{"self":[{"href":"https:\/\/www.ambamali-jp.org\/eng\/wp-json\/wp\/v2\/pages\/43"}],"collection":[{"href":"https:\/\/www.ambamali-jp.org\/eng\/wp-json\/wp\/v2\/pages"}],"about":[{"href":"https:\/\/www.ambamali-jp.org\/eng\/wp-json\/wp\/v2\/types\/page"}],"author":[{"embeddable":true,"href":"https:\/\/www.ambamali-jp.org\/eng\/wp-json\/wp\/v2\/users\/1"}],"replies":[{"embeddable":true,"href":"https:\/\/www.ambamali-jp.org\/eng\/wp-json\/wp\/v2\/comments?post=43"}],"version-history":[{"count":38,"href":"https:\/\/www.ambamali-jp.org\/eng\/wp-json\/wp\/v2\/pages\/43\/revisions"}],"predecessor-version":[{"id":1411,"href":"https:\/\/www.ambamali-jp.org\/eng\/wp-json\/wp\/v2\/pages\/43\/revisions\/1411"}],"up":[{"embeddable":true,"href":"https:\/\/www.ambamali-jp.org\/eng\/wp-json\/wp\/v2\/pages\/33"}],"wp:attachment":[{"href":"https:\/\/www.ambamali-jp.org\/eng\/wp-json\/wp\/v2\/media?parent=43"}],"curies":[{"name":"wp","href":"https:\/\/api.w.org\/{rel}","templated":true}]}}