{"id":59,"date":"2017-01-04T06:10:37","date_gmt":"2017-01-04T06:10:37","guid":{"rendered":"http:\/\/localhost\/malile\/?page_id=59"},"modified":"2023-01-23T04:25:46","modified_gmt":"2023-01-23T04:25:46","slug":"tourism","status":"publish","type":"page","link":"https:\/\/www.ambamali-jp.org\/eng\/mali\/tourism\/","title":{"rendered":"Tourism"},"content":{"rendered":"<p><img loading=\"lazy\" class=\"aligncenter wp-image-354 size-full\" title=\"tourism of mali \" src=\"http:\/\/www.ambamali-jp.org\/eng\/wp-content\/uploads\/2017\/01\/tour.png\" alt=\"tourism of mali \" width=\"419\" height=\"124\" srcset=\"https:\/\/www.ambamali-jp.org\/eng\/wp-content\/uploads\/2017\/01\/tour.png 419w, https:\/\/www.ambamali-jp.org\/eng\/wp-content\/uploads\/2017\/01\/tour-300x89.png 300w\" sizes=\"(max-width: 419px) 100vw, 419px\" \/><\/p>\n<p>Mali boasts a very rich and diverse cultural, natural and historical heritage. Among the touristic attractions in Mali are 5 <strong>United Nations Education, Scientific and Cultural Organization (UNESCO)<\/strong> World Heritage sites. Mali has the second most attractive World Heritage sites in West Africa. The high touristic season is from October to March, but Mali can be visited any season.<br \/>\nThe main tourist attractions in Mali are, among others:<\/p>\n<ul style=\"padding: 0;\">\n<li><span style=\"text-decoration: underline;\"><strong>4 WORLD HERITAGE SITES<\/strong><\/span>:<\/li>\n<\/ul>\n<p><strong>-TIMBUKTU, THE CITY OF 333 SAINTS<\/strong>:<br \/>\nTimbuktu, like Djenne, was an ancient city of learning and trade through the 10th and 13th Centuries, during the Empires of Mali and Songha\u00ef. It was once the intellectual and spiritual capital and a center for the propagation of Islam throughout Africa.<br \/>\nTimbuktu reached its heyday at the time of Mansa Musa, when he came back from Mecca in 1324. He gave 40\u00a0000 mithquals (170 kg) of gold to the architect from Andalou, Abu Ishaq Al Sahili Al Touwa\u00efdjin, to build the mosque of Djingarey Ber.<br \/>\nTimbukuta hosted and rewarded the great intellectuals of Islam and humanity at the XV and XVI Centuries, famous writers, thinkers and jurisconsults as Ahmed Baba or Mahamud Bagayoko. Timbuktu was marked by Mansa Musa, Soni Ali Ber, Askia Mohamed and chroniclers as Mahmud, or Jean Leon the African.<br \/>\nThe Sankor\u00e9 Mosque was built by a rich widow.<br \/>\nThe Sidi Y\u00e9hia Mosque was built by a wealthy prince in the Eastern part of the city.<br \/>\nTimbuktu was registered as UNESCO World Heritage site in <strong>1988<\/strong> and one of the main tourist attractions in Mali.<\/p>\n<p>&#8211;<strong>THE OLD TOWNS OF DJENNE, THE TWIN CITY OF TIMBUKTU:<\/strong><br \/>\nDjenne is located at 195km at the South of Mopti. Inhabited since 250 before Christ, Djenne has been a major market center through history. It was an important link in the trans-Saharan gold trade. The city is famous for its 13th Century Mosque, the largest adobe structure in the world.<br \/>\nIn Djenne exist many archeologic sites including Djenne Djeno, Kaniana and Tonomba, Soudanese adobe architecture, and beautiful Moroccan Toucouleur houses that make Djenne so original and so beautiful.<br \/>\nDjenne was registered as UNESCO World Heritage site in <strong>1988<\/strong>.<\/p>\n<p><strong>-THE CLIFF OF BANDIAGARA, DOGON COUNTRY<\/strong>:<br \/>\nAt the top of the attractions of the Pays Dogon are the last foothills made by the Cliff of Bandiagara. The Dogon country features a landscape of sandy plateau and cliffs, the architecture of houses, altars and sanctuaries, and age-old social traditions, including masks, feasts, rituals, and ceremonies involving ancestor worship.<br \/>\nThe region is famous for its very old traditions, including masks, celebrations, rituals and ceremonies honoring ancestors. Myths, cosmogony and symbols are converging to create a unique culture transmitted orally generations after generations.<br \/>\nThe Dogon country was registered as UNESCO World Heritage site in <strong>1989<\/strong>.<br \/>\n&#8211;<strong>THE ASKIA TOMBS IN GAO, THE CAPITAL CITY OF THE SONGHOY EMPIRE<\/strong>:<br \/>\nGao, which reached its peak during the XVI Century, is an important archeologic center with many marble memorial stones dated XII Century, and the ruins of the Palace of Mansa Musa, the King of the Mandingue Empire.<br \/>\nThe Askia tombs feature a dramatic 17-meter pyramidal structure built in 1495 by Askia Mohamed to serve as the burial site of the Askia Dynasty Kings, who ruled the Songha\u00ef Empire.<br \/>\nOn the way to Gao, across the Gourma and its numerous little hills coming in various shapes like the Hand of Fatima, can be seen a herd of about 300 elephants.<br \/>\nThe Askia tombs were registered as UNESCO World Heritage site in <strong>2004<\/strong>.<\/p>\n<ul style=\"padding: 0;\">\n<li><strong><span style=\"text-decoration: underline;\">INTANGIBLE CULTURAL WORLD HERITAGE (YARAAL AND DEGAL)<\/span>:<\/strong><\/li>\n<\/ul>\n<p>The annual cattle herds crossing the River Niger on their way back from transhumance was registered as UNESCO World Heritage site in 2005.<br \/>\nThis Peul tradition started in the XIV Century and was regularized by a code established by the Peul Emperor of Macina S\u00e9kou Amadou in 1821. The Yaraal starts the celebrations in Diafarab\u00e9. Then the cattle herds take the direction of Dialloub\u00e9 where the D\u00e9gal closes the celebrations.<\/p>\n<p>In addition to these designated World Heritages sites, there are other cultural properties submitted for consideration as World Heritage sites.<\/p>\n<ul style=\"padding: 0;\">\n<li><strong><u>FESTIVALS &#8211; EVENTS<\/u><\/strong>:<\/li>\n<\/ul>\n<p>There are many festivals throughout the year that vary according to the regions and ethnic groups:<\/p>\n<p>-Artistic and Cultural Biennale, every two years<br \/>\n-International Drumming Festival of Bamako (FESTIP), every year<br \/>\n-International Photography Festival of Bamako, every year<br \/>\n-Dogon Masks Festival<br \/>\n-Niger River Festival in Segou, every year<br \/>\n-The Desert Essakane Festival, in Timbuktu, every year<br \/>\n-Festival of Fort of Medine in Kayes, every year<br \/>\n-Festival of the coating of Djenne Mosque, every year<br \/>\n-Tamadatcht Festival in Amderaboukane, in the region of Gao<br \/>\n-Restauration of the roof of the holly hut of Kangaba, every 7 years<br \/>\n-Markala Puppets Festival in S\u00e9gou region, every year<br \/>\n-Traditional group wedding ceremony of Banamba, every year<br \/>\n-Ceremonies of Sigui, in Dogon Country, each 60 years<br \/>\n-Ceremonies of Dama, in Dogon Country, each 12 years<br \/>\n-Jet-ski and boat cruise on the Niger River, Koulikoro &#8211; S\u00e9gou &#8211; Mopti &#8211; Timubktu &#8211; Ansongo &#8211; Gao: discovery of the heartlands of Mali, a unique experience, from end of June to early December.<\/p>\n<p>Moreover, Mali is also a destination for its music. World class musicians have performed throughout the world: Salif Ke\u00efta, the late Ali Farka Tour\u00e9, Ami Ko\u00efta,\u00a0 Kandia Kouyat\u00e9, Kar Kar, Oumou Sangar\u00e9, Habib Ko\u00efte, Oumar Ko\u00efta, Nahawa Doumbia, Amadou and Mariam Bagayoko, Toumani Diabat\u00e9, Bass\u00e9kou Kouyat\u00e9, Rokia Traor\u00e9, Babani Kon\u00e9 etc.<br \/>\nThe Malian handicraft is very rich and diverse (bogolan textile, weaving, masks, pearls, jewels, pottery, basket weaving, leatherwork, wood carving, painting etc.).<br \/>\n<strong><span style=\"color: #336699;\"><span style=\"color: #0000ff;\">FOR MORE DETAILS, VISIT THE WEBSITE OF THE MINISTRY OF HANDICRAFTS, CULTURE, THE HOTEL INDUSTRY AND TOURISM:<\/span> <a href=\"http:\/\/www.culture.gouv.ml\/\">www.culture.gouv.ml<\/a><\/span><\/strong><\/p>\n<p><span style=\"border-radius: 2px; text-indent: 20px; width: auto; padding: 0px 4px 0px 0px; text-align: center; font: bold 11px\/20px 'Helvetica Neue',Helvetica,sans-serif; color: #ffffff; background: #bd081c no-repeat scroll 3px 50% \/ 14px 14px; position: absolute; opacity: 1; z-index: 8675309; display: none; cursor: pointer;\">Enregistrer<\/span><\/p>\n","protected":false},"excerpt":{"rendered":"<p>Mali boasts a very rich and diverse cultural, natural and historical heritage. Among the touristic attractions in Mali are 5 United Nations Education, Scientific and Cultural Organization (UNESCO) World Heritage sites. Mali has the second most attractive World Heritage sites in West Africa. The high touristic season is from October [&hellip;]<\/p>\n","protected":false},"author":1,"featured_media":0,"parent":47,"menu_order":0,"comment_status":"closed","ping_status":"closed","template":"","meta":[],"_links":{"self":[{"href":"https:\/\/www.ambamali-jp.org\/eng\/wp-json\/wp\/v2\/pages\/59"}],"collection":[{"href":"https:\/\/www.ambamali-jp.org\/eng\/wp-json\/wp\/v2\/pages"}],"about":[{"href":"https:\/\/www.ambamali-jp.org\/eng\/wp-json\/wp\/v2\/types\/page"}],"author":[{"embeddable":true,"href":"https:\/\/www.ambamali-jp.org\/eng\/wp-json\/wp\/v2\/users\/1"}],"replies":[{"embeddable":true,"href":"https:\/\/www.ambamali-jp.org\/eng\/wp-json\/wp\/v2\/comments?post=59"}],"version-history":[{"count":13,"href":"https:\/\/www.ambamali-jp.org\/eng\/wp-json\/wp\/v2\/pages\/59\/revisions"}],"predecessor-version":[{"id":1264,"href":"https:\/\/www.ambamali-jp.org\/eng\/wp-json\/wp\/v2\/pages\/59\/revisions\/1264"}],"up":[{"embeddable":true,"href":"https:\/\/www.ambamali-jp.org\/eng\/wp-json\/wp\/v2\/pages\/47"}],"wp:attachment":[{"href":"https:\/\/www.ambamali-jp.org\/eng\/wp-json\/wp\/v2\/media?parent=59"}],"curies":[{"name":"wp","href":"https:\/\/api.w.org\/{rel}","templated":true}]}}