{"id":61,"date":"2017-01-04T06:10:56","date_gmt":"2017-01-04T06:10:56","guid":{"rendered":"http:\/\/localhost\/malile\/?page_id=61"},"modified":"2018-01-18T05:16:12","modified_gmt":"2018-01-18T05:16:12","slug":"bamako-capital-city","status":"publish","type":"page","link":"https:\/\/www.ambamali-jp.org\/eng\/mali\/bamako-capital-city\/","title":{"rendered":"Bamako, Capital City"},"content":{"rendered":"<div id=\"attachment_503\" style=\"width: 610px\" class=\"wp-caption alignnone\"><img aria-describedby=\"caption-attachment-503\" loading=\"lazy\" class=\"wp-image-503 size-full\" title=\"Bamako capital city of mali\" src=\"http:\/\/www.ambamali-jp.org\/eng\/wp-content\/uploads\/2017\/01\/25.png\" alt=\"Bamako capital city of mali\" width=\"600\" height=\"180\" srcset=\"https:\/\/www.ambamali-jp.org\/eng\/wp-content\/uploads\/2017\/01\/25.png 600w, https:\/\/www.ambamali-jp.org\/eng\/wp-content\/uploads\/2017\/01\/25-300x90.png 300w\" sizes=\"(max-width: 600px) 100vw, 600px\" \/><p id=\"caption-attachment-503\" class=\"wp-caption-text\">Bamako capital city<\/p><\/div>\n<p>&nbsp;<\/p>\n<p>Bamako, the \u201cthree ca\u00efmans city\u201d, is the politic and administrative capital of the Republic of Mali.<br \/>\nThe city is divided into six wards.<\/p>\n<p>The city is surrounded by the five peaks of the Manding Mountains (Koulouba, Farakoulou, Kouloumagni Koulou, Point G Koulou and Lassa Koulou), and is crossed by the Niger River. Its tropical climate allows it to enjoy a rich and luxuriant vegetation.<\/p>\n<p>Bamako streets are known to be lively. Charming, authentic and traditional, the city has many Sahelo-Soudanese buildings, such as the Koulouba Palace, the National Museum of Mali, the administrative quarters of Darsalam and Bamako Coura, the National Institute of Arts, the Craft makers House and the Conservatoire des Arts et M\u00e9tiers Multimedia Balla Fassek\u00e9 Kouyat\u00e9.<\/p>\n<p>Among the many sites and atypical historical places, the most famous are:<br \/>\n-The hill of power where the Koulouba Palace is located<br \/>\n-The Bamako purple sandstone cathedral<br \/>\n-The Monument of Independence<br \/>\n-The Africa Tower, symbol of the African continent unity<br \/>\n-The Modibo Ke\u00efta Memorial, 1st President of Mali<br \/>\n-The pink market<br \/>\n-The Monument of Peace<br \/>\n-The banks of the Niger river<br \/>\n-The National Museum of Mali<\/p>\n<p>The numerous parks, museums and monuments of Bamako showcase the historic and cultural heritage of Mali.<\/p>\n<p><span style=\"color: #0000ff;\"><strong>VISITING BAMAKO IS A UNIQUE EXPERIENCE, THE OPPORTUNITY TO DISCOVER THE MALIAN CULTURE AND SOCIETY.<\/strong><\/span><\/p>\n<p><span style=\"border-radius: 2px; text-indent: 20px; width: auto; padding: 0px 4px 0px 0px; text-align: center; font: bold 11px\/20px 'Helvetica Neue',Helvetica,sans-serif; color: #ffffff; background: #bd081c no-repeat scroll 3px 50% \/ 14px 14px; position: absolute; opacity: 1; z-index: 8675309; display: none; cursor: pointer;\">Enregistrer<\/span><\/p>\n<p><span style=\"border-radius: 2px; text-indent: 20px; width: auto; padding: 0px 4px 0px 0px; text-align: center; font: bold 11px\/20px 'Helvetica Neue',Helvetica,sans-serif; color: #ffffff; background: #bd081c no-repeat scroll 3px 50% \/ 14px 14px; position: absolute; opacity: 1; z-index: 8675309; display: none; cursor: pointer;\">Enregistrer<\/span><\/p>\n","protected":false},"excerpt":{"rendered":"<p>&nbsp; Bamako, the \u201cthree ca\u00efmans city\u201d, is the politic and administrative capital of the Republic of Mali. The city is divided into six wards. The city is surrounded by the five peaks of the Manding Mountains (Koulouba, Farakoulou, Kouloumagni Koulou, Point G Koulou and Lassa Koulou), and is crossed by [&hellip;]<\/p>\n","protected":false},"author":1,"featured_media":0,"parent":47,"menu_order":0,"comment_status":"closed","ping_status":"closed","template":"","meta":[],"_links":{"self":[{"href":"https:\/\/www.ambamali-jp.org\/eng\/wp-json\/wp\/v2\/pages\/61"}],"collection":[{"href":"https:\/\/www.ambamali-jp.org\/eng\/wp-json\/wp\/v2\/pages"}],"about":[{"href":"https:\/\/www.ambamali-jp.org\/eng\/wp-json\/wp\/v2\/types\/page"}],"author":[{"embeddable":true,"href":"https:\/\/www.ambamali-jp.org\/eng\/wp-json\/wp\/v2\/users\/1"}],"replies":[{"embeddable":true,"href":"https:\/\/www.ambamali-jp.org\/eng\/wp-json\/wp\/v2\/comments?post=61"}],"version-history":[{"count":12,"href":"https:\/\/www.ambamali-jp.org\/eng\/wp-json\/wp\/v2\/pages\/61\/revisions"}],"predecessor-version":[{"id":781,"href":"https:\/\/www.ambamali-jp.org\/eng\/wp-json\/wp\/v2\/pages\/61\/revisions\/781"}],"up":[{"embeddable":true,"href":"https:\/\/www.ambamali-jp.org\/eng\/wp-json\/wp\/v2\/pages\/47"}],"wp:attachment":[{"href":"https:\/\/www.ambamali-jp.org\/eng\/wp-json\/wp\/v2\/media?parent=61"}],"curies":[{"name":"wp","href":"https:\/\/api.w.org\/{rel}","templated":true}]}}